{"id":2319,"date":"2026-01-09T13:39:59","date_gmt":"2026-01-09T13:39:59","guid":{"rendered":"https:\/\/1001coupsdepinceaux.art\/?page_id=2319"},"modified":"2026-01-16T15:59:38","modified_gmt":"2026-01-16T15:59:38","slug":"blog","status":"publish","type":"page","link":"https:\/\/1001coupsdepinceaux.art\/index.php\/blog\/","title":{"rendered":"Blog"},"content":{"rendered":"\t\t<div data-elementor-type=\"wp-page\" data-elementor-id=\"2319\" class=\"elementor elementor-2319\">\n\t\t\t\t<div class=\"elementor-element elementor-element-7a55a1c e-flex e-con-boxed e-con e-parent\" data-id=\"7a55a1c\" data-element_type=\"container\" data-e-type=\"container\">\n\t\t\t\t\t<div class=\"e-con-inner\">\n\t\t\t\t<div class=\"elementor-element elementor-element-b576534 elementor-widget elementor-widget-heading\" data-id=\"b576534\" data-element_type=\"widget\" data-e-type=\"widget\" data-widget_type=\"heading.default\">\n\t\t\t\t\t<h2 class=\"elementor-heading-title elementor-size-default\">Blog<\/h2>\t\t\t\t<\/div>\n\t\t\t\t\t<\/div>\n\t\t\t\t<\/div>\n\t\t<div class=\"elementor-element elementor-element-c749e4b e-flex e-con-boxed e-con e-parent\" data-id=\"c749e4b\" data-element_type=\"container\" data-e-type=\"container\">\n\t\t\t\t\t<div class=\"e-con-inner\">\n\t\t\t\t<div class=\"elementor-element elementor-element-862ab23 elementor-widget elementor-widget-text-editor\" data-id=\"862ab23\" data-element_type=\"widget\" data-e-type=\"widget\" data-widget_type=\"text-editor.default\">\n\t\t\t\t\t\t\t\t\t<h1>Journal personnel, Chronique d&rsquo;humeur sur Internet\u00a0 \u00a0 \u00a0 \u00a0\u00a0<\/h1>\t\t\t\t\t\t\t\t<\/div>\n\t\t\t\t\t<\/div>\n\t\t\t\t<\/div>\n\t\t<div class=\"elementor-element elementor-element-43082b0 e-flex e-con-boxed e-con e-parent\" data-id=\"43082b0\" data-element_type=\"container\" data-e-type=\"container\">\n\t\t\t\t\t<div class=\"e-con-inner\">\n\t\t\t\t<div class=\"elementor-element elementor-element-fc87f9d elementor-grid-eael-col-3 elementor-grid-tablet-eael-col-2 elementor-grid-mobile-eael-col-1 elementor-widget elementor-widget-eael-post-grid\" data-id=\"fc87f9d\" data-element_type=\"widget\" data-e-type=\"widget\" data-settings=\"{&quot;eael_post_grid_columns&quot;:&quot;eael-col-3&quot;,&quot;eael_post_grid_columns_tablet&quot;:&quot;eael-col-2&quot;,&quot;eael_post_grid_columns_mobile&quot;:&quot;eael-col-1&quot;}\" data-widget_type=\"eael-post-grid.default\">\n\t\t\t\t\t<div id=\"eael-post-grid-fc87f9d\" class=\"eael-post-grid-container\">\n            <div class=\"eael-post-grid eael-post-appender eael-post-appender-fc87f9d eael-post-grid-style-one\" data-layout-mode=\"masonry\"><article class=\"eael-grid-post  eael-post-grid-column eael-pg-post-2571 category-blog\" data-id=\"2571\">\n        <div class=\"eael-grid-post-holder\">\n            <div class=\"eael-grid-post-holder-inner\"><div class=\"eael-entry-media\"><div class=\"eael-entry-overlay fade-in\"><i class=\"fas fa-long-arrow-alt-right\" aria-hidden=\"true\"><\/i><a href=\"https:\/\/1001coupsdepinceaux.art\/index.php\/2026\/03\/02\/les-coulisses-de-ma-premiere-creation-sur-mesure\/\"><\/a><\/div><div class=\"eael-entry-thumbnail \">\n                <img fetchpriority=\"high\" decoding=\"async\" width=\"1121\" height=\"844\" src=\"https:\/\/1001coupsdepinceaux.art\/wp-content\/uploads\/2026\/03\/Quadriptic-plantes-1.jpg?v=1772452960\" class=\"attachment-1536x1536 size-1536x1536 wp-image-2586\" alt=\"Quadriptic avec les plantes\" srcset=\"https:\/\/1001coupsdepinceaux.art\/wp-content\/uploads\/2026\/03\/Quadriptic-plantes-1.jpg?v=1772452960 1121w, https:\/\/1001coupsdepinceaux.art\/wp-content\/uploads\/2026\/03\/Quadriptic-plantes-1-300x226.jpg?v=1772452960 300w, https:\/\/1001coupsdepinceaux.art\/wp-content\/uploads\/2026\/03\/Quadriptic-plantes-1-1024x771.jpg?v=1772452960 1024w, https:\/\/1001coupsdepinceaux.art\/wp-content\/uploads\/2026\/03\/Quadriptic-plantes-1-768x578.jpg?v=1772452960 768w\" sizes=\"(max-width: 1121px) 100vw, 1121px\" \/>\n            <\/div>\n        <\/div><div class=\"eael-entry-wrapper\"><header class=\"eael-entry-header\"><h2 class=\"eael-entry-title\"><a class=\"eael-grid-post-link\" href=\"https:\/\/1001coupsdepinceaux.art\/index.php\/2026\/03\/02\/les-coulisses-de-ma-premiere-creation-sur-mesure\/\" title=\"Les coulisses de ma premi\u00e8re cr\u00e9ation sur mesure\">Les coulisses de ma premi\u00e8re cr\u00e9ation sur mesure<\/a><\/h2><\/header><div class=\"eael-entry-header-after\"><div class=\"eael-entry-meta\"><span class=\"eael-posted-by\"><a href=\"https:\/\/1001coupsdepinceaux.art\/index.php\/author\/admin7038\/\" title=\"Posts by Carine\" rel=\"author\">Carine<\/a><\/span><span class=\"eael-posted-on\"><time datetime=\"mars 2, 2026\">mars 2, 2026<\/time><\/span><\/div><\/div><\/div><\/div>\n        <\/div>\n    <\/article><article class=\"eael-grid-post  eael-post-grid-column eael-pg-post-2556 category-blog\" data-id=\"2556\">\n        <div class=\"eael-grid-post-holder\">\n            <div class=\"eael-grid-post-holder-inner\"><div class=\"eael-entry-media\"><div class=\"eael-entry-overlay fade-in\"><i class=\"fas fa-long-arrow-alt-right\" aria-hidden=\"true\"><\/i><a href=\"https:\/\/1001coupsdepinceaux.art\/index.php\/2026\/02\/21\/une-carte-de-voeux-une-oeuvre-un-village-un-projet-creatif-local-copy\/\"><\/a><\/div><div class=\"eael-entry-thumbnail \">\n                <img decoding=\"async\" width=\"419\" height=\"297\" src=\"https:\/\/1001coupsdepinceaux.art\/wp-content\/uploads\/2026\/02\/Carte-cadeau-recto.jpg\" class=\"attachment-1536x1536 size-1536x1536 wp-image-2499\" alt=\"Carte cadeau \u00e0 offrir\" srcset=\"https:\/\/1001coupsdepinceaux.art\/wp-content\/uploads\/2026\/02\/Carte-cadeau-recto.jpg 419w, https:\/\/1001coupsdepinceaux.art\/wp-content\/uploads\/2026\/02\/Carte-cadeau-recto-300x213.jpg 300w\" sizes=\"(max-width: 419px) 100vw, 419px\" \/>\n            <\/div>\n        <\/div><div class=\"eael-entry-wrapper\"><header class=\"eael-entry-header\"><h2 class=\"eael-entry-title\"><a class=\"eael-grid-post-link\" href=\"https:\/\/1001coupsdepinceaux.art\/index.php\/2026\/02\/21\/une-carte-de-voeux-une-oeuvre-un-village-un-projet-creatif-local-copy\/\" title=\"La naissance de mon id\u00e9e de Carte Cadeau Artistique\">La naissance de mon id\u00e9e de Carte Cadeau Artistique<\/a><\/h2><\/header><div class=\"eael-entry-header-after\"><div class=\"eael-entry-meta\"><span class=\"eael-posted-by\"><a href=\"https:\/\/1001coupsdepinceaux.art\/index.php\/author\/admin7038\/\" title=\"Posts by Carine\" rel=\"author\">Carine<\/a><\/span><span class=\"eael-posted-on\"><time datetime=\"f\u00e9vrier 21, 2026\">f\u00e9vrier 21, 2026<\/time><\/span><\/div><\/div><\/div><\/div>\n        <\/div>\n    <\/article><article class=\"eael-grid-post  eael-post-grid-column eael-pg-post-2383 category-blog\" data-id=\"2383\">\n        <div class=\"eael-grid-post-holder\">\n            <div class=\"eael-grid-post-holder-inner\"><div class=\"eael-entry-media\"><div class=\"eael-entry-overlay fade-in\"><i class=\"fas fa-long-arrow-alt-right\" aria-hidden=\"true\"><\/i><a href=\"https:\/\/1001coupsdepinceaux.art\/index.php\/2026\/01\/16\/une-carte-de-voeux-une-oeuvre-un-village-un-projet-creatif-local\/\"><\/a><\/div><div class=\"eael-entry-thumbnail \">\n                <img decoding=\"async\" width=\"1500\" height=\"1500\" src=\"https:\/\/1001coupsdepinceaux.art\/wp-content\/uploads\/2026\/01\/1-1.jpg\" class=\"attachment-1536x1536 size-1536x1536 wp-image-2394\" alt=\"Voeux de Marin\" srcset=\"https:\/\/1001coupsdepinceaux.art\/wp-content\/uploads\/2026\/01\/1-1.jpg 1500w, https:\/\/1001coupsdepinceaux.art\/wp-content\/uploads\/2026\/01\/1-1-300x300.jpg 300w\" sizes=\"(max-width: 1500px) 100vw, 1500px\" \/>\n            <\/div>\n        <\/div><div class=\"eael-entry-wrapper\"><header class=\"eael-entry-header\"><h2 class=\"eael-entry-title\"><a class=\"eael-grid-post-link\" href=\"https:\/\/1001coupsdepinceaux.art\/index.php\/2026\/01\/16\/une-carte-de-voeux-une-oeuvre-un-village-un-projet-creatif-local\/\" title=\"Une carte de v\u0153ux, une \u0153uvre, un village : un projet cr\u00e9atif local\">Une carte de v\u0153ux, une \u0153uvre, un village : un projet cr\u00e9atif local<\/a><\/h2><\/header><div class=\"eael-entry-header-after\"><div class=\"eael-entry-meta\"><span class=\"eael-posted-by\"><a href=\"https:\/\/1001coupsdepinceaux.art\/index.php\/author\/admin7038\/\" title=\"Posts by Carine\" rel=\"author\">Carine<\/a><\/span><span class=\"eael-posted-on\"><time datetime=\"janvier 16, 2026\">janvier 16, 2026<\/time><\/span><\/div><\/div><\/div><\/div>\n        <\/div>\n    <\/article><article class=\"eael-grid-post  eael-post-grid-column eael-pg-post-2354 category-blog\" data-id=\"2354\">\n        <div class=\"eael-grid-post-holder\">\n            <div class=\"eael-grid-post-holder-inner\"><div class=\"eael-entry-media\"><div class=\"eael-entry-overlay fade-in\"><i class=\"fas fa-long-arrow-alt-right\" aria-hidden=\"true\"><\/i><a href=\"https:\/\/1001coupsdepinceaux.art\/index.php\/2026\/01\/09\/se-mettre-a-nu-sur-le-port\/\"><\/a><\/div><div class=\"eael-entry-thumbnail \">\n                <img loading=\"lazy\" decoding=\"async\" width=\"640\" height=\"480\" src=\"https:\/\/1001coupsdepinceaux.art\/wp-content\/uploads\/2025\/11\/Stand-au-port.jpg\" class=\"attachment-1536x1536 size-1536x1536 wp-image-1627\" alt=\"Peindre en public : s\u2019exposer en tant qu\u2019artiste peintre\" srcset=\"https:\/\/1001coupsdepinceaux.art\/wp-content\/uploads\/2025\/11\/Stand-au-port.jpg 640w, https:\/\/1001coupsdepinceaux.art\/wp-content\/uploads\/2025\/11\/Stand-au-port-300x225.jpg 300w\" sizes=\"(max-width: 640px) 100vw, 640px\" \/>\n            <\/div>\n        <\/div><div class=\"eael-entry-wrapper\"><header class=\"eael-entry-header\"><h2 class=\"eael-entry-title\"><a class=\"eael-grid-post-link\" href=\"https:\/\/1001coupsdepinceaux.art\/index.php\/2026\/01\/09\/se-mettre-a-nu-sur-le-port\/\" title=\"Se mettre \u00e0 nu sur le port\">Se mettre \u00e0 nu sur le port<\/a><\/h2><\/header><div class=\"eael-entry-header-after\"><div class=\"eael-entry-meta\"><span class=\"eael-posted-by\"><a href=\"https:\/\/1001coupsdepinceaux.art\/index.php\/author\/admin7038\/\" title=\"Posts by Carine\" rel=\"author\">Carine<\/a><\/span><span class=\"eael-posted-on\"><time datetime=\"janvier 9, 2026\">janvier 9, 2026<\/time><\/span><\/div><\/div><\/div><\/div>\n        <\/div>\n    <\/article><\/div>\n            <div class=\"clearfix\"><\/div>\n        <\/div>\t\t\t\t<\/div>\n\t\t\t\t\t<\/div>\n\t\t\t\t<\/div>\n\t\t\t\t<\/div>\n\t\t","protected":false},"excerpt":{"rendered":"<p>Blog Journal personnel, Chronique d&rsquo;humeur sur Internet\u00a0 \u00a0 \u00a0 \u00a0\u00a0 Une carte de v\u0153ux, une \u0153uvre, un village : un projet cr\u00e9atif local Carinejanvier 16, 2026 Se mettre \u00e0 nu sur le port Carinejanvier 9, 2026<\/p>\n","protected":false},"author":1,"featured_media":0,"parent":0,"menu_order":0,"comment_status":"closed","ping_status":"closed","template":"","meta":{"ocean_post_layout":"","ocean_both_sidebars_style":"","ocean_both_sidebars_content_width":0,"ocean_both_sidebars_sidebars_width":0,"ocean_sidebar":"","ocean_second_sidebar":"","ocean_disable_margins":"enable","ocean_add_body_class":"","ocean_shortcode_before_top_bar":"","ocean_shortcode_after_top_bar":"","ocean_shortcode_before_header":"","ocean_shortcode_after_header":"","ocean_has_shortcode":"","ocean_shortcode_after_title":"","ocean_shortcode_before_footer_widgets":"","ocean_shortcode_after_footer_widgets":"","ocean_shortcode_before_footer_bottom":"","ocean_shortcode_after_footer_bottom":"","ocean_display_top_bar":"default","ocean_display_header":"default","ocean_header_style":"","ocean_center_header_left_menu":"","ocean_custom_header_template":"","ocean_custom_logo":0,"ocean_custom_retina_logo":0,"ocean_custom_logo_max_width":0,"ocean_custom_logo_tablet_max_width":0,"ocean_custom_logo_mobile_max_width":0,"ocean_custom_logo_max_height":0,"ocean_custom_logo_tablet_max_height":0,"ocean_custom_logo_mobile_max_height":0,"ocean_header_custom_menu":"","ocean_menu_typo_font_family":"","ocean_menu_typo_font_subset":"","ocean_menu_typo_font_size":0,"ocean_menu_typo_font_size_tablet":0,"ocean_menu_typo_font_size_mobile":0,"ocean_menu_typo_font_size_unit":"px","ocean_menu_typo_font_weight":"","ocean_menu_typo_font_weight_tablet":"","ocean_menu_typo_font_weight_mobile":"","ocean_menu_typo_transform":"","ocean_menu_typo_transform_tablet":"","ocean_menu_typo_transform_mobile":"","ocean_menu_typo_line_height":0,"ocean_menu_typo_line_height_tablet":0,"ocean_menu_typo_line_height_mobile":0,"ocean_menu_typo_line_height_unit":"","ocean_menu_typo_spacing":0,"ocean_menu_typo_spacing_tablet":0,"ocean_menu_typo_spacing_mobile":0,"ocean_menu_typo_spacing_unit":"","ocean_menu_link_color":"","ocean_menu_link_color_hover":"","ocean_menu_link_color_active":"","ocean_menu_link_background":"","ocean_menu_link_hover_background":"","ocean_menu_link_active_background":"","ocean_menu_social_links_bg":"","ocean_menu_social_hover_links_bg":"","ocean_menu_social_links_color":"","ocean_menu_social_hover_links_color":"","ocean_disable_title":"default","ocean_disable_heading":"default","ocean_post_title":"","ocean_post_subheading":"","ocean_post_title_style":"","ocean_post_title_background_color":"","ocean_post_title_background":0,"ocean_post_title_bg_image_position":"","ocean_post_title_bg_image_attachment":"","ocean_post_title_bg_image_repeat":"","ocean_post_title_bg_image_size":"","ocean_post_title_height":0,"ocean_post_title_bg_overlay":0.5,"ocean_post_title_bg_overlay_color":"","ocean_disable_breadcrumbs":"default","ocean_breadcrumbs_color":"","ocean_breadcrumbs_separator_color":"","ocean_breadcrumbs_links_color":"","ocean_breadcrumbs_links_hover_color":"","ocean_display_footer_widgets":"default","ocean_display_footer_bottom":"default","ocean_custom_footer_template":"","footnotes":""},"class_list":["post-2319","page","type-page","status-publish","hentry","entry","has-media"],"yoast_head":"<!-- This site is optimized with the Yoast SEO plugin v27.3 - https:\/\/yoast.com\/product\/yoast-seo-wordpress\/ -->\n<title>Blog - 1001 coups de pinceaux<\/title>\n<meta name=\"robots\" content=\"index, follow, max-snippet:-1, max-image-preview:large, max-video-preview:-1\" \/>\n<link rel=\"canonical\" href=\"https:\/\/1001coupsdepinceaux.art\/index.php\/blog\/\" \/>\n<meta property=\"og:locale\" content=\"fr_FR\" \/>\n<meta property=\"og:type\" content=\"article\" \/>\n<meta property=\"og:title\" content=\"Blog - 1001 coups de pinceaux\" \/>\n<meta property=\"og:description\" content=\"Blog Journal personnel, Chronique d&rsquo;humeur sur Internet\u00a0 \u00a0 \u00a0 \u00a0\u00a0 Une carte de v\u0153ux, une \u0153uvre, un village : un projet cr\u00e9atif local Carinejanvier 16, 2026 Se mettre \u00e0 nu sur le port Carinejanvier 9, 2026\" \/>\n<meta property=\"og:url\" content=\"https:\/\/1001coupsdepinceaux.art\/index.php\/blog\/\" \/>\n<meta property=\"og:site_name\" content=\"1001 coups de pinceaux\" \/>\n<meta property=\"article:modified_time\" content=\"2026-01-16T15:59:38+00:00\" \/>\n<meta property=\"og:image\" content=\"https:\/\/1001coupsdepinceaux.art\/wp-content\/uploads\/2026\/01\/1-1.jpg\" \/>\n\t<meta property=\"og:image:width\" content=\"1500\" \/>\n\t<meta property=\"og:image:height\" content=\"1500\" \/>\n\t<meta property=\"og:image:type\" content=\"image\/jpeg\" \/>\n<meta name=\"twitter:card\" content=\"summary_large_image\" \/>\n<meta name=\"twitter:label1\" content=\"Dur\u00e9e de lecture estim\u00e9e\" \/>\n\t<meta name=\"twitter:data1\" content=\"1 minute\" \/>\n<script type=\"application\/ld+json\" class=\"yoast-schema-graph\">{\"@context\":\"https:\\\/\\\/schema.org\",\"@graph\":[{\"@type\":\"WebPage\",\"@id\":\"https:\\\/\\\/1001coupsdepinceaux.art\\\/index.php\\\/blog\\\/\",\"url\":\"https:\\\/\\\/1001coupsdepinceaux.art\\\/index.php\\\/blog\\\/\",\"name\":\"Blog - 1001 coups de pinceaux\",\"isPartOf\":{\"@id\":\"https:\\\/\\\/1001coupsdepinceaux.art\\\/#website\"},\"primaryImageOfPage\":{\"@id\":\"https:\\\/\\\/1001coupsdepinceaux.art\\\/index.php\\\/blog\\\/#primaryimage\"},\"image\":{\"@id\":\"https:\\\/\\\/1001coupsdepinceaux.art\\\/index.php\\\/blog\\\/#primaryimage\"},\"thumbnailUrl\":\"https:\\\/\\\/1001coupsdepinceaux.art\\\/wp-content\\\/uploads\\\/2026\\\/01\\\/1-1.jpg\",\"datePublished\":\"2026-01-09T13:39:59+00:00\",\"dateModified\":\"2026-01-16T15:59:38+00:00\",\"breadcrumb\":{\"@id\":\"https:\\\/\\\/1001coupsdepinceaux.art\\\/index.php\\\/blog\\\/#breadcrumb\"},\"inLanguage\":\"fr-FR\",\"potentialAction\":[{\"@type\":\"ReadAction\",\"target\":[\"https:\\\/\\\/1001coupsdepinceaux.art\\\/index.php\\\/blog\\\/\"]}]},{\"@type\":\"ImageObject\",\"inLanguage\":\"fr-FR\",\"@id\":\"https:\\\/\\\/1001coupsdepinceaux.art\\\/index.php\\\/blog\\\/#primaryimage\",\"url\":\"https:\\\/\\\/1001coupsdepinceaux.art\\\/wp-content\\\/uploads\\\/2026\\\/01\\\/1-1.jpg\",\"contentUrl\":\"https:\\\/\\\/1001coupsdepinceaux.art\\\/wp-content\\\/uploads\\\/2026\\\/01\\\/1-1.jpg\",\"width\":1500,\"height\":1500,\"caption\":\"Carte de voeux 2026 Mairie de Marin\"},{\"@type\":\"BreadcrumbList\",\"@id\":\"https:\\\/\\\/1001coupsdepinceaux.art\\\/index.php\\\/blog\\\/#breadcrumb\",\"itemListElement\":[{\"@type\":\"ListItem\",\"position\":1,\"name\":\"Accueil\",\"item\":\"https:\\\/\\\/1001coupsdepinceaux.art\\\/\"},{\"@type\":\"ListItem\",\"position\":2,\"name\":\"Blog\"}]},{\"@type\":\"WebSite\",\"@id\":\"https:\\\/\\\/1001coupsdepinceaux.art\\\/#website\",\"url\":\"https:\\\/\\\/1001coupsdepinceaux.art\\\/\",\"name\":\"1001 coups de pinceaux\",\"description\":\"Artiste peintre au service de vos envies\",\"publisher\":{\"@id\":\"https:\\\/\\\/1001coupsdepinceaux.art\\\/#organization\"},\"potentialAction\":[{\"@type\":\"SearchAction\",\"target\":{\"@type\":\"EntryPoint\",\"urlTemplate\":\"https:\\\/\\\/1001coupsdepinceaux.art\\\/?s={search_term_string}\"},\"query-input\":{\"@type\":\"PropertyValueSpecification\",\"valueRequired\":true,\"valueName\":\"search_term_string\"}}],\"inLanguage\":\"fr-FR\"},{\"@type\":\"Organization\",\"@id\":\"https:\\\/\\\/1001coupsdepinceaux.art\\\/#organization\",\"name\":\"1001 coups de pinceaux\",\"url\":\"https:\\\/\\\/1001coupsdepinceaux.art\\\/\",\"logo\":{\"@type\":\"ImageObject\",\"inLanguage\":\"fr-FR\",\"@id\":\"https:\\\/\\\/1001coupsdepinceaux.art\\\/#\\\/schema\\\/logo\\\/image\\\/\",\"url\":\"https:\\\/\\\/1001coupsdepinceaux.art\\\/wp-content\\\/uploads\\\/2025\\\/10\\\/1001-coups-de-pinceaux-fond-transparent.png\",\"contentUrl\":\"https:\\\/\\\/1001coupsdepinceaux.art\\\/wp-content\\\/uploads\\\/2025\\\/10\\\/1001-coups-de-pinceaux-fond-transparent.png\",\"width\":556,\"height\":640,\"caption\":\"1001 coups de pinceaux\"},\"image\":{\"@id\":\"https:\\\/\\\/1001coupsdepinceaux.art\\\/#\\\/schema\\\/logo\\\/image\\\/\"}}]}<\/script>\n<!-- \/ Yoast SEO plugin. -->","yoast_head_json":{"title":"Blog - 1001 coups de pinceaux","robots":{"index":"index","follow":"follow","max-snippet":"max-snippet:-1","max-image-preview":"max-image-preview:large","max-video-preview":"max-video-preview:-1"},"canonical":"https:\/\/1001coupsdepinceaux.art\/index.php\/blog\/","og_locale":"fr_FR","og_type":"article","og_title":"Blog - 1001 coups de pinceaux","og_description":"Blog Journal personnel, Chronique d&rsquo;humeur sur Internet\u00a0 \u00a0 \u00a0 \u00a0\u00a0 Une carte de v\u0153ux, une \u0153uvre, un village : un projet cr\u00e9atif local Carinejanvier 16, 2026 Se mettre \u00e0 nu sur le port Carinejanvier 9, 2026","og_url":"https:\/\/1001coupsdepinceaux.art\/index.php\/blog\/","og_site_name":"1001 coups de pinceaux","article_modified_time":"2026-01-16T15:59:38+00:00","og_image":[{"width":1500,"height":1500,"url":"https:\/\/1001coupsdepinceaux.art\/wp-content\/uploads\/2026\/01\/1-1.jpg","type":"image\/jpeg"}],"twitter_card":"summary_large_image","twitter_misc":{"Dur\u00e9e de lecture estim\u00e9e":"1 minute"},"schema":{"@context":"https:\/\/schema.org","@graph":[{"@type":"WebPage","@id":"https:\/\/1001coupsdepinceaux.art\/index.php\/blog\/","url":"https:\/\/1001coupsdepinceaux.art\/index.php\/blog\/","name":"Blog - 1001 coups de pinceaux","isPartOf":{"@id":"https:\/\/1001coupsdepinceaux.art\/#website"},"primaryImageOfPage":{"@id":"https:\/\/1001coupsdepinceaux.art\/index.php\/blog\/#primaryimage"},"image":{"@id":"https:\/\/1001coupsdepinceaux.art\/index.php\/blog\/#primaryimage"},"thumbnailUrl":"https:\/\/1001coupsdepinceaux.art\/wp-content\/uploads\/2026\/01\/1-1.jpg","datePublished":"2026-01-09T13:39:59+00:00","dateModified":"2026-01-16T15:59:38+00:00","breadcrumb":{"@id":"https:\/\/1001coupsdepinceaux.art\/index.php\/blog\/#breadcrumb"},"inLanguage":"fr-FR","potentialAction":[{"@type":"ReadAction","target":["https:\/\/1001coupsdepinceaux.art\/index.php\/blog\/"]}]},{"@type":"ImageObject","inLanguage":"fr-FR","@id":"https:\/\/1001coupsdepinceaux.art\/index.php\/blog\/#primaryimage","url":"https:\/\/1001coupsdepinceaux.art\/wp-content\/uploads\/2026\/01\/1-1.jpg","contentUrl":"https:\/\/1001coupsdepinceaux.art\/wp-content\/uploads\/2026\/01\/1-1.jpg","width":1500,"height":1500,"caption":"Carte de voeux 2026 Mairie de Marin"},{"@type":"BreadcrumbList","@id":"https:\/\/1001coupsdepinceaux.art\/index.php\/blog\/#breadcrumb","itemListElement":[{"@type":"ListItem","position":1,"name":"Accueil","item":"https:\/\/1001coupsdepinceaux.art\/"},{"@type":"ListItem","position":2,"name":"Blog"}]},{"@type":"WebSite","@id":"https:\/\/1001coupsdepinceaux.art\/#website","url":"https:\/\/1001coupsdepinceaux.art\/","name":"1001 coups de pinceaux","description":"Artiste peintre au service de vos envies","publisher":{"@id":"https:\/\/1001coupsdepinceaux.art\/#organization"},"potentialAction":[{"@type":"SearchAction","target":{"@type":"EntryPoint","urlTemplate":"https:\/\/1001coupsdepinceaux.art\/?s={search_term_string}"},"query-input":{"@type":"PropertyValueSpecification","valueRequired":true,"valueName":"search_term_string"}}],"inLanguage":"fr-FR"},{"@type":"Organization","@id":"https:\/\/1001coupsdepinceaux.art\/#organization","name":"1001 coups de pinceaux","url":"https:\/\/1001coupsdepinceaux.art\/","logo":{"@type":"ImageObject","inLanguage":"fr-FR","@id":"https:\/\/1001coupsdepinceaux.art\/#\/schema\/logo\/image\/","url":"https:\/\/1001coupsdepinceaux.art\/wp-content\/uploads\/2025\/10\/1001-coups-de-pinceaux-fond-transparent.png","contentUrl":"https:\/\/1001coupsdepinceaux.art\/wp-content\/uploads\/2025\/10\/1001-coups-de-pinceaux-fond-transparent.png","width":556,"height":640,"caption":"1001 coups de pinceaux"},"image":{"@id":"https:\/\/1001coupsdepinceaux.art\/#\/schema\/logo\/image\/"}}]}},"_links":{"self":[{"href":"https:\/\/1001coupsdepinceaux.art\/index.php\/wp-json\/wp\/v2\/pages\/2319","targetHints":{"allow":["GET"]}}],"collection":[{"href":"https:\/\/1001coupsdepinceaux.art\/index.php\/wp-json\/wp\/v2\/pages"}],"about":[{"href":"https:\/\/1001coupsdepinceaux.art\/index.php\/wp-json\/wp\/v2\/types\/page"}],"author":[{"embeddable":true,"href":"https:\/\/1001coupsdepinceaux.art\/index.php\/wp-json\/wp\/v2\/users\/1"}],"replies":[{"embeddable":true,"href":"https:\/\/1001coupsdepinceaux.art\/index.php\/wp-json\/wp\/v2\/comments?post=2319"}],"version-history":[{"count":19,"href":"https:\/\/1001coupsdepinceaux.art\/index.php\/wp-json\/wp\/v2\/pages\/2319\/revisions"}],"predecessor-version":[{"id":2416,"href":"https:\/\/1001coupsdepinceaux.art\/index.php\/wp-json\/wp\/v2\/pages\/2319\/revisions\/2416"}],"wp:attachment":[{"href":"https:\/\/1001coupsdepinceaux.art\/index.php\/wp-json\/wp\/v2\/media?parent=2319"}],"curies":[{"name":"wp","href":"https:\/\/api.w.org\/{rel}","templated":true}]}}