{"id":2298,"date":"2026-01-09T13:21:43","date_gmt":"2026-01-09T13:21:43","guid":{"rendered":"https:\/\/1001coupsdepinceaux.art\/?page_id=2298"},"modified":"2026-01-09T15:56:36","modified_gmt":"2026-01-09T15:56:36","slug":"mentions-legales","status":"publish","type":"page","link":"https:\/\/1001coupsdepinceaux.art\/index.php\/mentions-legales\/","title":{"rendered":"Mentions l\u00e9gales"},"content":{"rendered":"\n<ul class=\"wp-block-list\">\n<li><strong>\u00c9diteur du site :<\/strong> Carine MANG\u00c9 (Artiste Peintre sous l&rsquo;enseigne \u00ab\u00a01001 Coups de Pinceaux\u00a0\u00bb).<\/li>\n\n\n\n<li><strong>Si\u00e8ge social :<\/strong> Sussinges \u2013 74200 MARIN, France.<\/li>\n\n\n\n<li><strong>Contact :<\/strong> \n<ul class=\"wp-block-list\">\n<li>T\u00e9l\u00e9phone : 06 29 36 28 57<\/li>\n\n\n\n<li>Email : contact@1001coupsdepinceaux.art<\/li>\n<\/ul>\n<\/li>\n\n\n\n<li><strong>Identifiants l\u00e9gaux :<\/strong>\n<ul class=\"wp-block-list\">\n<li>SIRET : 810 385 252 00012<\/li>\n\n\n\n<li>N\u00b0 d&rsquo;ordre Maison des Artistes : CE80210<\/li>\n<\/ul>\n<\/li>\n\n\n\n<li><strong>Propri\u00e9t\u00e9 intellectuelle :<\/strong> Toutes les cr\u00e9ations pr\u00e9sentes sur le site sont des \u0153uvres originales prot\u00e9g\u00e9es par le droit d&rsquo;auteur. Toute reproduction, diffusion ou utilisation sans autorisation pr\u00e9alable de Carine MANG\u00c9 est interdite.<\/li>\n<\/ul>\n","protected":false},"excerpt":{"rendered":"","protected":false},"author":1,"featured_media":0,"parent":0,"menu_order":0,"comment_status":"closed","ping_status":"closed","template":"","meta":{"ocean_post_layout":"","ocean_both_sidebars_style":"","ocean_both_sidebars_content_width":0,"ocean_both_sidebars_sidebars_width":0,"ocean_sidebar":"","ocean_second_sidebar":"","ocean_disable_margins":"enable","ocean_add_body_class":"","ocean_shortcode_before_top_bar":"","ocean_shortcode_after_top_bar":"","ocean_shortcode_before_header":"","ocean_shortcode_after_header":"","ocean_has_shortcode":"","ocean_shortcode_after_title":"","ocean_shortcode_before_footer_widgets":"","ocean_shortcode_after_footer_widgets":"","ocean_shortcode_before_footer_bottom":"","ocean_shortcode_after_footer_bottom":"","ocean_display_top_bar":"default","ocean_display_header":"default","ocean_header_style":"","ocean_center_header_left_menu":"","ocean_custom_header_template":"","ocean_custom_logo":0,"ocean_custom_retina_logo":0,"ocean_custom_logo_max_width":0,"ocean_custom_logo_tablet_max_width":0,"ocean_custom_logo_mobile_max_width":0,"ocean_custom_logo_max_height":0,"ocean_custom_logo_tablet_max_height":0,"ocean_custom_logo_mobile_max_height":0,"ocean_header_custom_menu":"","ocean_menu_typo_font_family":"","ocean_menu_typo_font_subset":"","ocean_menu_typo_font_size":0,"ocean_menu_typo_font_size_tablet":0,"ocean_menu_typo_font_size_mobile":0,"ocean_menu_typo_font_size_unit":"px","ocean_menu_typo_font_weight":"","ocean_menu_typo_font_weight_tablet":"","ocean_menu_typo_font_weight_mobile":"","ocean_menu_typo_transform":"","ocean_menu_typo_transform_tablet":"","ocean_menu_typo_transform_mobile":"","ocean_menu_typo_line_height":0,"ocean_menu_typo_line_height_tablet":0,"ocean_menu_typo_line_height_mobile":0,"ocean_menu_typo_line_height_unit":"","ocean_menu_typo_spacing":0,"ocean_menu_typo_spacing_tablet":0,"ocean_menu_typo_spacing_mobile":0,"ocean_menu_typo_spacing_unit":"","ocean_menu_link_color":"","ocean_menu_link_color_hover":"","ocean_menu_link_color_active":"","ocean_menu_link_background":"","ocean_menu_link_hover_background":"","ocean_menu_link_active_background":"","ocean_menu_social_links_bg":"","ocean_menu_social_hover_links_bg":"","ocean_menu_social_links_color":"","ocean_menu_social_hover_links_color":"","ocean_disable_title":"default","ocean_disable_heading":"default","ocean_post_title":"","ocean_post_subheading":"","ocean_post_title_style":"","ocean_post_title_background_color":"","ocean_post_title_background":0,"ocean_post_title_bg_image_position":"","ocean_post_title_bg_image_attachment":"","ocean_post_title_bg_image_repeat":"","ocean_post_title_bg_image_size":"","ocean_post_title_height":0,"ocean_post_title_bg_overlay":0.5,"ocean_post_title_bg_overlay_color":"","ocean_disable_breadcrumbs":"default","ocean_breadcrumbs_color":"","ocean_breadcrumbs_separator_color":"","ocean_breadcrumbs_links_color":"","ocean_breadcrumbs_links_hover_color":"","ocean_display_footer_widgets":"default","ocean_display_footer_bottom":"default","ocean_custom_footer_template":"","footnotes":""},"class_list":["post-2298","page","type-page","status-publish","hentry","entry"],"yoast_head":"<!-- This site is optimized with the Yoast SEO plugin v27.3 - https:\/\/yoast.com\/product\/yoast-seo-wordpress\/ -->\n<title>Mentions l\u00e9gales - 1001 coups de pinceaux<\/title>\n<meta name=\"robots\" content=\"index, follow, max-snippet:-1, max-image-preview:large, max-video-preview:-1\" \/>\n<link rel=\"canonical\" href=\"https:\/\/1001coupsdepinceaux.art\/index.php\/mentions-legales\/\" \/>\n<meta property=\"og:locale\" content=\"fr_FR\" \/>\n<meta property=\"og:type\" content=\"article\" \/>\n<meta property=\"og:title\" content=\"Mentions l\u00e9gales - 1001 coups de pinceaux\" \/>\n<meta property=\"og:url\" content=\"https:\/\/1001coupsdepinceaux.art\/index.php\/mentions-legales\/\" \/>\n<meta property=\"og:site_name\" content=\"1001 coups de pinceaux\" \/>\n<meta property=\"article:modified_time\" content=\"2026-01-09T15:56:36+00:00\" \/>\n<meta name=\"twitter:card\" content=\"summary_large_image\" \/>\n<meta name=\"twitter:label1\" content=\"Dur\u00e9e de lecture estim\u00e9e\" \/>\n\t<meta name=\"twitter:data1\" content=\"1 minute\" \/>\n<script type=\"application\/ld+json\" class=\"yoast-schema-graph\">{\"@context\":\"https:\\\/\\\/schema.org\",\"@graph\":[{\"@type\":\"WebPage\",\"@id\":\"https:\\\/\\\/1001coupsdepinceaux.art\\\/index.php\\\/mentions-legales\\\/\",\"url\":\"https:\\\/\\\/1001coupsdepinceaux.art\\\/index.php\\\/mentions-legales\\\/\",\"name\":\"Mentions l\u00e9gales - 1001 coups de pinceaux\",\"isPartOf\":{\"@id\":\"https:\\\/\\\/1001coupsdepinceaux.art\\\/#website\"},\"datePublished\":\"2026-01-09T13:21:43+00:00\",\"dateModified\":\"2026-01-09T15:56:36+00:00\",\"breadcrumb\":{\"@id\":\"https:\\\/\\\/1001coupsdepinceaux.art\\\/index.php\\\/mentions-legales\\\/#breadcrumb\"},\"inLanguage\":\"fr-FR\",\"potentialAction\":[{\"@type\":\"ReadAction\",\"target\":[\"https:\\\/\\\/1001coupsdepinceaux.art\\\/index.php\\\/mentions-legales\\\/\"]}]},{\"@type\":\"BreadcrumbList\",\"@id\":\"https:\\\/\\\/1001coupsdepinceaux.art\\\/index.php\\\/mentions-legales\\\/#breadcrumb\",\"itemListElement\":[{\"@type\":\"ListItem\",\"position\":1,\"name\":\"Accueil\",\"item\":\"https:\\\/\\\/1001coupsdepinceaux.art\\\/\"},{\"@type\":\"ListItem\",\"position\":2,\"name\":\"Mentions l\u00e9gales\"}]},{\"@type\":\"WebSite\",\"@id\":\"https:\\\/\\\/1001coupsdepinceaux.art\\\/#website\",\"url\":\"https:\\\/\\\/1001coupsdepinceaux.art\\\/\",\"name\":\"1001 coups de pinceaux\",\"description\":\"Artiste peintre au service de vos envies\",\"publisher\":{\"@id\":\"https:\\\/\\\/1001coupsdepinceaux.art\\\/#organization\"},\"potentialAction\":[{\"@type\":\"SearchAction\",\"target\":{\"@type\":\"EntryPoint\",\"urlTemplate\":\"https:\\\/\\\/1001coupsdepinceaux.art\\\/?s={search_term_string}\"},\"query-input\":{\"@type\":\"PropertyValueSpecification\",\"valueRequired\":true,\"valueName\":\"search_term_string\"}}],\"inLanguage\":\"fr-FR\"},{\"@type\":\"Organization\",\"@id\":\"https:\\\/\\\/1001coupsdepinceaux.art\\\/#organization\",\"name\":\"1001 coups de pinceaux\",\"url\":\"https:\\\/\\\/1001coupsdepinceaux.art\\\/\",\"logo\":{\"@type\":\"ImageObject\",\"inLanguage\":\"fr-FR\",\"@id\":\"https:\\\/\\\/1001coupsdepinceaux.art\\\/#\\\/schema\\\/logo\\\/image\\\/\",\"url\":\"https:\\\/\\\/1001coupsdepinceaux.art\\\/wp-content\\\/uploads\\\/2025\\\/10\\\/1001-coups-de-pinceaux-fond-transparent.png\",\"contentUrl\":\"https:\\\/\\\/1001coupsdepinceaux.art\\\/wp-content\\\/uploads\\\/2025\\\/10\\\/1001-coups-de-pinceaux-fond-transparent.png\",\"width\":556,\"height\":640,\"caption\":\"1001 coups de pinceaux\"},\"image\":{\"@id\":\"https:\\\/\\\/1001coupsdepinceaux.art\\\/#\\\/schema\\\/logo\\\/image\\\/\"}}]}<\/script>\n<!-- \/ Yoast SEO plugin. -->","yoast_head_json":{"title":"Mentions l\u00e9gales - 1001 coups de pinceaux","robots":{"index":"index","follow":"follow","max-snippet":"max-snippet:-1","max-image-preview":"max-image-preview:large","max-video-preview":"max-video-preview:-1"},"canonical":"https:\/\/1001coupsdepinceaux.art\/index.php\/mentions-legales\/","og_locale":"fr_FR","og_type":"article","og_title":"Mentions l\u00e9gales - 1001 coups de pinceaux","og_url":"https:\/\/1001coupsdepinceaux.art\/index.php\/mentions-legales\/","og_site_name":"1001 coups de pinceaux","article_modified_time":"2026-01-09T15:56:36+00:00","twitter_card":"summary_large_image","twitter_misc":{"Dur\u00e9e de lecture estim\u00e9e":"1 minute"},"schema":{"@context":"https:\/\/schema.org","@graph":[{"@type":"WebPage","@id":"https:\/\/1001coupsdepinceaux.art\/index.php\/mentions-legales\/","url":"https:\/\/1001coupsdepinceaux.art\/index.php\/mentions-legales\/","name":"Mentions l\u00e9gales - 1001 coups de pinceaux","isPartOf":{"@id":"https:\/\/1001coupsdepinceaux.art\/#website"},"datePublished":"2026-01-09T13:21:43+00:00","dateModified":"2026-01-09T15:56:36+00:00","breadcrumb":{"@id":"https:\/\/1001coupsdepinceaux.art\/index.php\/mentions-legales\/#breadcrumb"},"inLanguage":"fr-FR","potentialAction":[{"@type":"ReadAction","target":["https:\/\/1001coupsdepinceaux.art\/index.php\/mentions-legales\/"]}]},{"@type":"BreadcrumbList","@id":"https:\/\/1001coupsdepinceaux.art\/index.php\/mentions-legales\/#breadcrumb","itemListElement":[{"@type":"ListItem","position":1,"name":"Accueil","item":"https:\/\/1001coupsdepinceaux.art\/"},{"@type":"ListItem","position":2,"name":"Mentions l\u00e9gales"}]},{"@type":"WebSite","@id":"https:\/\/1001coupsdepinceaux.art\/#website","url":"https:\/\/1001coupsdepinceaux.art\/","name":"1001 coups de pinceaux","description":"Artiste peintre au service de vos envies","publisher":{"@id":"https:\/\/1001coupsdepinceaux.art\/#organization"},"potentialAction":[{"@type":"SearchAction","target":{"@type":"EntryPoint","urlTemplate":"https:\/\/1001coupsdepinceaux.art\/?s={search_term_string}"},"query-input":{"@type":"PropertyValueSpecification","valueRequired":true,"valueName":"search_term_string"}}],"inLanguage":"fr-FR"},{"@type":"Organization","@id":"https:\/\/1001coupsdepinceaux.art\/#organization","name":"1001 coups de pinceaux","url":"https:\/\/1001coupsdepinceaux.art\/","logo":{"@type":"ImageObject","inLanguage":"fr-FR","@id":"https:\/\/1001coupsdepinceaux.art\/#\/schema\/logo\/image\/","url":"https:\/\/1001coupsdepinceaux.art\/wp-content\/uploads\/2025\/10\/1001-coups-de-pinceaux-fond-transparent.png","contentUrl":"https:\/\/1001coupsdepinceaux.art\/wp-content\/uploads\/2025\/10\/1001-coups-de-pinceaux-fond-transparent.png","width":556,"height":640,"caption":"1001 coups de pinceaux"},"image":{"@id":"https:\/\/1001coupsdepinceaux.art\/#\/schema\/logo\/image\/"}}]}},"_links":{"self":[{"href":"https:\/\/1001coupsdepinceaux.art\/index.php\/wp-json\/wp\/v2\/pages\/2298","targetHints":{"allow":["GET"]}}],"collection":[{"href":"https:\/\/1001coupsdepinceaux.art\/index.php\/wp-json\/wp\/v2\/pages"}],"about":[{"href":"https:\/\/1001coupsdepinceaux.art\/index.php\/wp-json\/wp\/v2\/types\/page"}],"author":[{"embeddable":true,"href":"https:\/\/1001coupsdepinceaux.art\/index.php\/wp-json\/wp\/v2\/users\/1"}],"replies":[{"embeddable":true,"href":"https:\/\/1001coupsdepinceaux.art\/index.php\/wp-json\/wp\/v2\/comments?post=2298"}],"version-history":[{"count":3,"href":"https:\/\/1001coupsdepinceaux.art\/index.php\/wp-json\/wp\/v2\/pages\/2298\/revisions"}],"predecessor-version":[{"id":2343,"href":"https:\/\/1001coupsdepinceaux.art\/index.php\/wp-json\/wp\/v2\/pages\/2298\/revisions\/2343"}],"wp:attachment":[{"href":"https:\/\/1001coupsdepinceaux.art\/index.php\/wp-json\/wp\/v2\/media?parent=2298"}],"curies":[{"name":"wp","href":"https:\/\/api.w.org\/{rel}","templated":true}]}}